{"id":16205,"date":"2021-12-14T16:27:59","date_gmt":"2021-12-14T16:27:59","guid":{"rendered":"http:\/\/muzeum.haus.pl\/?page_id=16205"},"modified":"2022-06-20T09:11:16","modified_gmt":"2022-06-20T09:11:16","slug":"ueber-das-projekt","status":"publish","type":"page","link":"https:\/\/muzeum.haus.pl\/de\/ueber-das-projekt\/","title":{"rendered":"\u00dcber das Projekt"},"content":{"rendered":"<div id=\"cmsmasters_row_887gmdxm9h\" class=\"cmsmasters_row cmsmasters_color_scheme_default cmsmasters_row_top_default cmsmasters_row_bot_default cmsmasters_row_boxed\">\n<div class=\"cmsmasters_row_outer_parent\">\n<div class=\"cmsmasters_row_outer\">\n<div class=\"cmsmasters_row_inner\">\n<div class=\"cmsmasters_row_margin\">\n<div id=\"cmsmasters_column_ltttmeas1h\" class=\"cmsmasters_column one_first\">\n<div class=\"cmsmasters_column_inner\"><div class=\"cmsmasters_text\">\n<p>&#8222;Museum Online&#8220; enth\u00e4lt digitalisierte ikonografische Dokumente und kuratorische Begleittexte, Audio- und Videoaufzeichnungen, die bestimmte Themen erl\u00e4utern und die Geschichte und Kultur der deutschen Minderheit sowie <strong>die Geschichte anderer nationaler und ethnischer Minderheiten n\u00e4her bringen<\/strong>. &#8222;Das Online-Museum ist auch ein Ort, an dem man \u00fcber Geschichte diskutieren und \u00fcber ihre Interpretation streiten kann. Schlie\u00dflich ist es eine Karte des gemeinsamen polnisch-deutschen Erbes in den Grenzgebieten: Nieder- und Oberschlesien, Gro\u00dfpolen, Masuren und Pommern. Im Online-Museum k\u00f6nnen Sie weniger bekannte Familien- und Nachbarschaftsgeschichten lesen und h\u00f6ren, die die komplizierten und interessanten Schicksale der Menschen in den Grenzgebieten schildern, und digitalisierte Sammlungen von Privatpersonen oder kulturellen Einrichtungen kennenlernen. Die entwickelten Materialien zwingen nicht zu einer verbindlichen Interpretation des dargestellten Ph\u00e4nomens oder historischen Ereignisses, sondern zeigen es aus so vielen Perspektiven wie m\u00f6glich und \u00fcberlassen die Bewertung dem Betrachter. Ziel ist es, die Diskussion dar\u00fcber anzuregen und sachkundig \u00fcber ihre Auslegung zu diskutieren. Das Projekt ist Teil der allgemeinen Entwicklung der deutsch-polnischen Beziehungen und umfasst die Pflege der Geschichte und Kultur der deutschen Minderheit, den Aufbau der Zivilgesellschaft, die F\u00f6rderung des Multikulturalismus und des interkulturellen Dialogs. Nichtregierungsorganisationen, regionale Kammern, Kultur- und Bildungszentren, Museen, Schulen, lokale Initiativen und Liebhaber der lokalen Geschichte sind eingeladen, an der Schaffung dieses virtuellen Ortes mitzuwirken.<\/p>\n<p><strong>\u201eMuseum Online\u201d setzt sich aus zwei Modulen zusammen:<\/strong><\/p>\n<\/div>\n<\/div><\/div>\n<\/div>\n<\/div>\n<\/div>\n<\/div>\n<\/div>\n<div id=\"cmsmasters_row_1fjmriw2o3\" class=\"cmsmasters_row cmsmasters_color_scheme_default cmsmasters_row_top_default cmsmasters_row_bot_default cmsmasters_row_boxed\">\n<div class=\"cmsmasters_row_outer_parent\">\n<div class=\"cmsmasters_row_outer\">\n<div class=\"cmsmasters_row_inner\">\n<div class=\"cmsmasters_row_margin cmsmasters_row_columns_behavior\">\n<div id=\"cmsmasters_column_1k3id001rp\" class=\"cmsmasters_column one_half\">\n<div class=\"cmsmasters_column_inner\"><div id=\"cmsmasters_fb_3ojrkjb8c\" class=\"cmsmasters_featured_block\">\n<div class=\"featured_block_inner\">\n<div class=\"featured_block_text\">\n<p><strong>1. Dem Ausstellenden<\/strong> \u2013 es sind dies digitalisierte und im Hinblick auf den Internetnutzer bearbeitete Museumsausstellungen, erstellt vom Haus f\u00fcr Deutsch-Polnische Zusammenarbeit.<\/p>\n\n<\/div>\n<\/div>\n<\/div>\n<\/div><\/div>\n<div id=\"cmsmasters_column_msqottrvzw\" class=\"cmsmasters_column one_half\">\n<div class=\"cmsmasters_column_inner\"><div id=\"cmsmasters_fb_24o9gu5xnj\" class=\"cmsmasters_featured_block\">\n<div class=\"featured_block_inner\">\n<div class=\"featured_block_text\">\n<p><strong>2. Dem Edukativen<\/strong> \u2013 es handelt sich hier um einen \u201eInstrumentenbaukasten\u201c, der Lehrerinnen und Lehrern gewidmet ist. Darin enthalten sind partizipativ erarbeitete Bildungsmaterialien, etwa Unterrichtsszenarien und\/oder Mikroprojekte, die stets die Jugendlichen im Blick haben. Die Szenarien sind durch die digitalisierten Inhalte der Online-Ausstellungen inspiriert \u2013 also das Modul eins, das Ausstellende.<\/p>\n\n<\/div>\n<\/div>\n<\/div>\n<\/div><\/div>\n<\/div>\n<\/div>\n<\/div>\n<\/div>\n<\/div>\n<div id=\"cmsmasters_row_cbkr53nuwc\" class=\"cmsmasters_row cmsmasters_color_scheme_default cmsmasters_row_top_default cmsmasters_row_bot_default cmsmasters_row_boxed\">\n<div class=\"cmsmasters_row_outer_parent\">\n<div class=\"cmsmasters_row_outer\">\n<div class=\"cmsmasters_row_inner\">\n<div class=\"cmsmasters_row_margin cmsmasters_row_columns_behavior\">\n<div id=\"cmsmasters_column_jajewxk1z\" class=\"cmsmasters_column one_first\">\n<div class=\"cmsmasters_column_inner\"><div id=\"cmsmasters_fb_lf6czn7nx9\" class=\"cmsmasters_featured_block\">\n<div class=\"featured_block_inner\">\n<div class=\"featured_block_text\">\n<p>&nbsp;<\/p>\n<p style=\"text-align: center;\"><strong>Das Projekt wird durch das Bundesministerium des Innern und Heimat (BMI), die Stiftung Haus Oberschlesien und das Marschallamt der Wojewodschaft Oppeln gef\u00f6rdert.<\/strong><\/p>\n<p style=\"text-align: center;\"><img loading=\"lazy\" decoding=\"async\" class=\"alignnone wp-image-16914 size-medium\" src=\"https:\/\/muzeum.haus.pl\/wp-content\/uploads\/2022\/01\/BMI_Fz_2021_Office_Farbe_de-294x300.png\" alt=\"\" width=\"294\" height=\"300\" srcset=\"https:\/\/muzeum.haus.pl\/wp-content\/uploads\/2022\/01\/BMI_Fz_2021_Office_Farbe_de-294x300.png 294w, https:\/\/muzeum.haus.pl\/wp-content\/uploads\/2022\/01\/BMI_Fz_2021_Office_Farbe_de-1004x1024.png 1004w, https:\/\/muzeum.haus.pl\/wp-content\/uploads\/2022\/01\/BMI_Fz_2021_Office_Farbe_de-768x784.png 768w, https:\/\/muzeum.haus.pl\/wp-content\/uploads\/2022\/01\/BMI_Fz_2021_Office_Farbe_de-580x592.png 580w, https:\/\/muzeum.haus.pl\/wp-content\/uploads\/2022\/01\/BMI_Fz_2021_Office_Farbe_de-860x878.png 860w, https:\/\/muzeum.haus.pl\/wp-content\/uploads\/2022\/01\/BMI_Fz_2021_Office_Farbe_de-1160x1184.png 1160w, https:\/\/muzeum.haus.pl\/wp-content\/uploads\/2022\/01\/BMI_Fz_2021_Office_Farbe_de-16x16.png 16w, https:\/\/muzeum.haus.pl\/wp-content\/uploads\/2022\/01\/BMI_Fz_2021_Office_Farbe_de-1320x1347.png 1320w, https:\/\/muzeum.haus.pl\/wp-content\/uploads\/2022\/01\/BMI_Fz_2021_Office_Farbe_de.png 1372w\" sizes=\"auto, (max-width: 294px) 100vw, 294px\" \/><\/p>\n\n<\/div>\n<\/div>\n<\/div>\n<\/div><\/div>\n<\/div>\n<\/div>\n<\/div>\n<\/div>\n<\/div>\n<div id=\"cmsmasters_row_70050ays5\" class=\"cmsmasters_row cmsmasters_color_scheme_default cmsmasters_row_top_default cmsmasters_row_bot_default cmsmasters_row_boxed\">\n<div class=\"cmsmasters_row_outer_parent\">\n<div class=\"cmsmasters_row_outer\">\n<div class=\"cmsmasters_row_inner\">\n<div class=\"cmsmasters_row_margin\">\n<div id=\"cmsmasters_column_l6jhj27aeu\" class=\"cmsmasters_column one_first\">\n<div class=\"cmsmasters_column_inner\"><div class=\"cmsmasters_text\">\n<p><strong>Realisierung:<\/strong> Haus f\u00fcr deutsch-polnische Zusammenarbeit<br \/>\n<strong>\u00dcbersetzung ins Deutsche<\/strong>: Dawid Smolorz<br \/>\n<strong>Polnisches Lektorat:<\/strong> Anna Zygmanowska<br \/>\n<strong>Deutsches Lektorat:<\/strong> Jan Opielka<br \/>\n<strong>Grafische Gestaltung und Umsetzung der Website:<\/strong> gtk.pl<br \/>\n<strong>Grafische Gestaltung des Logos:<\/strong> Ponad Design<br \/>\n<strong>Grafische Gestaltung von Werbematerialien:<\/strong> Anna Flaga<br \/>\n<strong>Organisatorische Zusammenarbeit:<\/strong> Danuta Proks, Irena Machura, Stefan Mehrens<br \/>\n<strong>Konzeptautor*innen:<\/strong> Lucjan Dzumla, Katarzyna Opielka<br \/>\n<strong>Projektkoordination:<\/strong> Katarzyna Opielka<\/p>\n<\/div>\n<\/div><\/div>\n<\/div>\n<\/div>\n<\/div>\n<\/div>\n<\/div>\n<div id=\"cmsmasters_row_y7skc4hvvd\" class=\"cmsmasters_row cmsmasters_color_scheme_default cmsmasters_row_top_default cmsmasters_row_bot_default cmsmasters_row_boxed\">\n<div class=\"cmsmasters_row_outer_parent\">\n<div class=\"cmsmasters_row_outer\">\n<div class=\"cmsmasters_row_inner\">\n<div class=\"cmsmasters_row_margin\">\n<div id=\"cmsmasters_column_u32boelm1\" class=\"cmsmasters_column one_first\">\n<div class=\"cmsmasters_column_inner\">\n<div id=\"cmsmasters_divider_3vjvh4fd2r\" class=\"cmsmasters_divider cmsmasters_divider_width_long cmsmasters_divider_pos_center\"><\/div>\n<\/div><\/div>\n<\/div>\n<\/div>\n<\/div>\n<\/div>\n<\/div>\n<div id=\"cmsmasters_row_czv5y4ps2d\" class=\"cmsmasters_row cmsmasters_color_scheme_default cmsmasters_row_top_default cmsmasters_row_bot_default cmsmasters_row_boxed\">\n<div class=\"cmsmasters_row_outer_parent\">\n<div class=\"cmsmasters_row_outer\">\n<div class=\"cmsmasters_row_inner\">\n<div class=\"cmsmasters_row_margin\">\n<div id=\"cmsmasters_column_5kp28egdr\" class=\"cmsmasters_column one_first\">\n<div class=\"cmsmasters_column_inner\"><div class=\"cmsmasters_text\">\n<p><em>Die Autoren haben alle Anstrengungen unternommen, um alle Eigent\u00fcmer und Inhaber der Urheberrechte des dargestellten Bildmaterials ausfindig zu machen. Dies war nicht immer m\u00f6glich. Bei eventuellen Unklarheiten versichern wir Ihnen, dass die Rechte der Eigent\u00fcmer respektiert werden. Wir bedanken uns schon jetzt bei allen f\u00fcr die Aufnahme ihrer Werke in die Ausstellung.<\/em><\/p>\n<\/div>\n<\/div><\/div>\n<\/div>\n<\/div>\n<\/div>\n<\/div>\n<\/div>\n<div id=\"cmsmasters_row_5p6jgx6z57\" class=\"cmsmasters_row cmsmasters_color_scheme_default cmsmasters_row_top_default cmsmasters_row_bot_default cmsmasters_row_boxed\">\n<div class=\"cmsmasters_row_outer_parent\">\n<div class=\"cmsmasters_row_outer\">\n<div class=\"cmsmasters_row_inner\">\n<div class=\"cmsmasters_row_margin\">\n<div id=\"cmsmasters_column_2my09kfu1n\" class=\"cmsmasters_column one_first\">\n<div class=\"cmsmasters_column_inner\">\n<div id=\"cmsmasters_divider_q4ennbqmhl\" class=\"cmsmasters_divider cmsmasters_divider_width_long cmsmasters_divider_pos_center\"><\/div>\n<\/div><\/div>\n<\/div>\n<\/div>\n<\/div>\n<\/div>\n<\/div>\n<div id=\"cmsmasters_row_bfhuxfypxn\" class=\"cmsmasters_row cmsmasters_color_scheme_default cmsmasters_row_top_default cmsmasters_row_bot_default cmsmasters_row_boxed\">\n<div class=\"cmsmasters_row_outer_parent\">\n<div class=\"cmsmasters_row_outer\">\n<div class=\"cmsmasters_row_inner\">\n<div class=\"cmsmasters_row_margin\">\n<div id=\"cmsmasters_column_4hkky7hlfj\" class=\"cmsmasters_column one_first\">\n<div class=\"cmsmasters_column_inner\"><div id=\"cmsmasters_button_dvwyjudgfg\" class=\"button_wrap\"><a href=\"http:\/\/muzeum.haus.pl\/wp-content\/uploads\/2021\/11\/ULOTKA-propozycja-strony-1-2.pdf\" class=\"cmsmasters_button cmsmasters_but_clear_styles cmsmasters_but_bg_hover cmsmasters-icon-custom-download\" target=\"_blank\"><span>Flugblatt zum Herunterladen<\/span><\/a><\/div>\n<\/div><\/div>\n<\/div>\n<\/div>\n<\/div>\n<\/div>\n<\/div>\n\n","protected":false},"excerpt":{"rendered":"","protected":false},"author":1,"featured_media":15786,"parent":0,"menu_order":0,"comment_status":"closed","ping_status":"closed","template":"","meta":{"_acf_changed":false,"footnotes":""},"class_list":["post-16205","page","type-page","status-publish","has-post-thumbnail","hentry"],"acf":[],"yoast_head":"<!-- This site is optimized with the Yoast SEO plugin v27.3 - https:\/\/yoast.com\/product\/yoast-seo-wordpress\/ -->\n<title>\u00dcber das Projekt - Muzeum online Domu Wsp\u00f3\u0142pracy Polsko-Niemieckiej<\/title>\n<meta name=\"robots\" content=\"index, follow, max-snippet:-1, max-image-preview:large, max-video-preview:-1\" \/>\n<link rel=\"canonical\" href=\"https:\/\/muzeum.haus.pl\/de\/ueber-das-projekt\/\" \/>\n<meta property=\"og:locale\" content=\"de_DE\" \/>\n<meta property=\"og:type\" content=\"article\" \/>\n<meta property=\"og:title\" content=\"\u00dcber das Projekt - Muzeum online Domu Wsp\u00f3\u0142pracy Polsko-Niemieckiej\" \/>\n<meta property=\"og:url\" content=\"https:\/\/muzeum.haus.pl\/de\/ueber-das-projekt\/\" \/>\n<meta property=\"og:site_name\" content=\"Muzeum online Domu Wsp\u00f3\u0142pracy Polsko-Niemieckiej\" \/>\n<meta property=\"article:modified_time\" content=\"2022-06-20T09:11:16+00:00\" \/>\n<meta property=\"og:image\" content=\"https:\/\/muzeum.haus.pl\/wp-content\/uploads\/2021\/11\/wystawy_top_01.jpg\" \/>\n\t<meta property=\"og:image:width\" content=\"2500\" \/>\n\t<meta property=\"og:image:height\" content=\"932\" \/>\n\t<meta property=\"og:image:type\" content=\"image\/jpeg\" \/>\n<meta name=\"twitter:card\" content=\"summary_large_image\" \/>\n<meta name=\"twitter:label1\" content=\"Gesch\u00e4tzte Lesezeit\" \/>\n\t<meta name=\"twitter:data1\" content=\"4\u00a0Minuten\" \/>\n<script type=\"application\/ld+json\" class=\"yoast-schema-graph\">{\"@context\":\"https:\\\/\\\/schema.org\",\"@graph\":[{\"@type\":\"WebPage\",\"@id\":\"https:\\\/\\\/muzeum.haus.pl\\\/de\\\/ueber-das-projekt\\\/\",\"url\":\"https:\\\/\\\/muzeum.haus.pl\\\/de\\\/ueber-das-projekt\\\/\",\"name\":\"\u00dcber das Projekt - Muzeum online Domu Wsp\u00f3\u0142pracy Polsko-Niemieckiej\",\"isPartOf\":{\"@id\":\"https:\\\/\\\/muzeum.haus.pl\\\/de\\\/#website\"},\"primaryImageOfPage\":{\"@id\":\"https:\\\/\\\/muzeum.haus.pl\\\/de\\\/ueber-das-projekt\\\/#primaryimage\"},\"image\":{\"@id\":\"https:\\\/\\\/muzeum.haus.pl\\\/de\\\/ueber-das-projekt\\\/#primaryimage\"},\"thumbnailUrl\":\"https:\\\/\\\/muzeum.haus.pl\\\/wp-content\\\/uploads\\\/2021\\\/11\\\/wystawy_top_01.jpg\",\"datePublished\":\"2021-12-14T16:27:59+00:00\",\"dateModified\":\"2022-06-20T09:11:16+00:00\",\"breadcrumb\":{\"@id\":\"https:\\\/\\\/muzeum.haus.pl\\\/de\\\/ueber-das-projekt\\\/#breadcrumb\"},\"inLanguage\":\"de\",\"potentialAction\":[{\"@type\":\"ReadAction\",\"target\":[\"https:\\\/\\\/muzeum.haus.pl\\\/de\\\/ueber-das-projekt\\\/\"]}]},{\"@type\":\"ImageObject\",\"inLanguage\":\"de\",\"@id\":\"https:\\\/\\\/muzeum.haus.pl\\\/de\\\/ueber-das-projekt\\\/#primaryimage\",\"url\":\"https:\\\/\\\/muzeum.haus.pl\\\/wp-content\\\/uploads\\\/2021\\\/11\\\/wystawy_top_01.jpg\",\"contentUrl\":\"https:\\\/\\\/muzeum.haus.pl\\\/wp-content\\\/uploads\\\/2021\\\/11\\\/wystawy_top_01.jpg\",\"width\":2500,\"height\":932,\"caption\":\"Wystawy\"},{\"@type\":\"BreadcrumbList\",\"@id\":\"https:\\\/\\\/muzeum.haus.pl\\\/de\\\/ueber-das-projekt\\\/#breadcrumb\",\"itemListElement\":[{\"@type\":\"ListItem\",\"position\":1,\"name\":\"Home\",\"item\":\"https:\\\/\\\/muzeum.haus.pl\\\/de\\\/\"},{\"@type\":\"ListItem\",\"position\":2,\"name\":\"\u00dcber das Projekt\"}]},{\"@type\":\"WebSite\",\"@id\":\"https:\\\/\\\/muzeum.haus.pl\\\/de\\\/#website\",\"url\":\"https:\\\/\\\/muzeum.haus.pl\\\/de\\\/\",\"name\":\"Muzeum online Domu Wsp\u00f3\u0142pracy Polsko-Niemieckiej\",\"description\":\"DWPN\",\"potentialAction\":[{\"@type\":\"SearchAction\",\"target\":{\"@type\":\"EntryPoint\",\"urlTemplate\":\"https:\\\/\\\/muzeum.haus.pl\\\/de\\\/?s={search_term_string}\"},\"query-input\":{\"@type\":\"PropertyValueSpecification\",\"valueRequired\":true,\"valueName\":\"search_term_string\"}}],\"inLanguage\":\"de\"}]}<\/script>\n<!-- \/ Yoast SEO plugin. -->","yoast_head_json":{"title":"\u00dcber das Projekt - Muzeum online Domu Wsp\u00f3\u0142pracy Polsko-Niemieckiej","robots":{"index":"index","follow":"follow","max-snippet":"max-snippet:-1","max-image-preview":"max-image-preview:large","max-video-preview":"max-video-preview:-1"},"canonical":"https:\/\/muzeum.haus.pl\/de\/ueber-das-projekt\/","og_locale":"de_DE","og_type":"article","og_title":"\u00dcber das Projekt - Muzeum online Domu Wsp\u00f3\u0142pracy Polsko-Niemieckiej","og_url":"https:\/\/muzeum.haus.pl\/de\/ueber-das-projekt\/","og_site_name":"Muzeum online Domu Wsp\u00f3\u0142pracy Polsko-Niemieckiej","article_modified_time":"2022-06-20T09:11:16+00:00","og_image":[{"width":2500,"height":932,"url":"https:\/\/muzeum.haus.pl\/wp-content\/uploads\/2021\/11\/wystawy_top_01.jpg","type":"image\/jpeg"}],"twitter_card":"summary_large_image","twitter_misc":{"Gesch\u00e4tzte Lesezeit":"4\u00a0Minuten"},"schema":{"@context":"https:\/\/schema.org","@graph":[{"@type":"WebPage","@id":"https:\/\/muzeum.haus.pl\/de\/ueber-das-projekt\/","url":"https:\/\/muzeum.haus.pl\/de\/ueber-das-projekt\/","name":"\u00dcber das Projekt - Muzeum online Domu Wsp\u00f3\u0142pracy Polsko-Niemieckiej","isPartOf":{"@id":"https:\/\/muzeum.haus.pl\/de\/#website"},"primaryImageOfPage":{"@id":"https:\/\/muzeum.haus.pl\/de\/ueber-das-projekt\/#primaryimage"},"image":{"@id":"https:\/\/muzeum.haus.pl\/de\/ueber-das-projekt\/#primaryimage"},"thumbnailUrl":"https:\/\/muzeum.haus.pl\/wp-content\/uploads\/2021\/11\/wystawy_top_01.jpg","datePublished":"2021-12-14T16:27:59+00:00","dateModified":"2022-06-20T09:11:16+00:00","breadcrumb":{"@id":"https:\/\/muzeum.haus.pl\/de\/ueber-das-projekt\/#breadcrumb"},"inLanguage":"de","potentialAction":[{"@type":"ReadAction","target":["https:\/\/muzeum.haus.pl\/de\/ueber-das-projekt\/"]}]},{"@type":"ImageObject","inLanguage":"de","@id":"https:\/\/muzeum.haus.pl\/de\/ueber-das-projekt\/#primaryimage","url":"https:\/\/muzeum.haus.pl\/wp-content\/uploads\/2021\/11\/wystawy_top_01.jpg","contentUrl":"https:\/\/muzeum.haus.pl\/wp-content\/uploads\/2021\/11\/wystawy_top_01.jpg","width":2500,"height":932,"caption":"Wystawy"},{"@type":"BreadcrumbList","@id":"https:\/\/muzeum.haus.pl\/de\/ueber-das-projekt\/#breadcrumb","itemListElement":[{"@type":"ListItem","position":1,"name":"Home","item":"https:\/\/muzeum.haus.pl\/de\/"},{"@type":"ListItem","position":2,"name":"\u00dcber das Projekt"}]},{"@type":"WebSite","@id":"https:\/\/muzeum.haus.pl\/de\/#website","url":"https:\/\/muzeum.haus.pl\/de\/","name":"Muzeum online Domu Wsp\u00f3\u0142pracy Polsko-Niemieckiej","description":"DWPN","potentialAction":[{"@type":"SearchAction","target":{"@type":"EntryPoint","urlTemplate":"https:\/\/muzeum.haus.pl\/de\/?s={search_term_string}"},"query-input":{"@type":"PropertyValueSpecification","valueRequired":true,"valueName":"search_term_string"}}],"inLanguage":"de"}]}},"_links":{"self":[{"href":"https:\/\/muzeum.haus.pl\/de\/wp-json\/wp\/v2\/pages\/16205","targetHints":{"allow":["GET"]}}],"collection":[{"href":"https:\/\/muzeum.haus.pl\/de\/wp-json\/wp\/v2\/pages"}],"about":[{"href":"https:\/\/muzeum.haus.pl\/de\/wp-json\/wp\/v2\/types\/page"}],"author":[{"embeddable":true,"href":"https:\/\/muzeum.haus.pl\/de\/wp-json\/wp\/v2\/users\/1"}],"replies":[{"embeddable":true,"href":"https:\/\/muzeum.haus.pl\/de\/wp-json\/wp\/v2\/comments?post=16205"}],"version-history":[{"count":9,"href":"https:\/\/muzeum.haus.pl\/de\/wp-json\/wp\/v2\/pages\/16205\/revisions"}],"predecessor-version":[{"id":16954,"href":"https:\/\/muzeum.haus.pl\/de\/wp-json\/wp\/v2\/pages\/16205\/revisions\/16954"}],"wp:featuredmedia":[{"embeddable":true,"href":"https:\/\/muzeum.haus.pl\/de\/wp-json\/wp\/v2\/media\/15786"}],"wp:attachment":[{"href":"https:\/\/muzeum.haus.pl\/de\/wp-json\/wp\/v2\/media?parent=16205"}],"curies":[{"name":"wp","href":"https:\/\/api.w.org\/{rel}","templated":true}]}}