{"id":16229,"date":"2021-12-14T16:41:34","date_gmt":"2021-12-14T16:41:34","guid":{"rendered":"http:\/\/muzeum.haus.pl\/?page_id=16229"},"modified":"2024-10-29T11:53:41","modified_gmt":"2024-10-29T11:53:41","slug":"bildung","status":"publish","type":"page","link":"https:\/\/muzeum.haus.pl\/de\/bildung\/","title":{"rendered":"Bildung"},"content":{"rendered":"<div id=\"cmsmasters_row_wo97mb7vf\" class=\"cmsmasters_row cmsmasters_color_scheme_default cmsmasters_row_top_default cmsmasters_row_bot_default cmsmasters_row_boxed\">\n<div class=\"cmsmasters_row_outer_parent\">\n<div class=\"cmsmasters_row_outer\">\n<div class=\"cmsmasters_row_inner\">\n<div class=\"cmsmasters_row_margin\">\n<div id=\"cmsmasters_column_q83fsm5n9j\" class=\"cmsmasters_column one_first\">\n<div class=\"cmsmasters_column_inner\"><div class=\"cmsmasters_text\">\n<p>Wir schaffen einen Raum f\u00fcr den Erfahrungs- und Wissensaustausch von engagierten ErzieherInnen und P\u00e4dagogInnen. Gemeinsam wollen wir eine Datenbank mit interessanten Unterrichtspl\u00e4nen und anderen Lehrmitteln erstellen, die von den digitalisierten Ausstellungen des Hauses der deutsch-polnischen Zusammenarbeit und unserer Partner inspiriert sind. Damit wird ein Angebot an kostenlosen Bildungsmaterialien f\u00fcr junge Menschen geschaffen.<\/p>\n<\/div>\n<\/div><\/div>\n<\/div>\n<\/div>\n<\/div>\n<\/div>\n<\/div>\n<div id=\"cmsmasters_row_twwxp0evpk\" class=\"cmsmasters_row cmsmasters_color_scheme_default cmsmasters_row_top_default cmsmasters_row_bot_default cmsmasters_row_boxed\">\n<div class=\"cmsmasters_row_outer_parent\">\n<div class=\"cmsmasters_row_outer\">\n<div class=\"cmsmasters_row_inner\">\n<div class=\"cmsmasters_row_margin\">\n<div id=\"cmsmasters_column_9ygu8hpsbn\" class=\"cmsmasters_column one_third\">\n<div class=\"cmsmasters_column_inner\"><div class=\"custom_html\">\n<div style=\"font-size:5px;\">&nbsp;<\/div>\n<\/div>\n<div class=\"aligncenter\"><div class=\"cmsmasters_img  cmsmasters_image_c\"><a href=\"https:\/\/muzeum.haus.pl\/wp-content\/uploads\/2022\/10\/EDD_polaczeni-dziedzictwem_DE.pdf\" target=\"_blank\"><img decoding=\"async\" src=\"https:\/\/muzeum.haus.pl\/wp-content\/uploads\/2022\/10\/edukacja_polaczeni_dziedzictwem_gliwice_box01-300x143.jpg\" alt=\"Po\u0142\u0105czeni dziedzictwem\" \/><\/a><\/div><\/div><div class=\"custom_html\">\n<div style=\"font-size:5px;\">&nbsp;<\/div>\n<\/div>\n<div id=\"cmsmasters_button_ibitq2cwq\" class=\"button_wrap\"><a href=\"https:\/\/muzeum.haus.pl\/wp-content\/uploads\/2023\/10\/EDD_de_2023-www_.pdf\" class=\"cmsmasters_button cmsmasters-icon-file-pdf\" target=\"_blank\"><span>Verbunden durch das Erbe &#8211; Gliwice<\/span><\/a><\/div>\n<div class=\"custom_html\">\n<div style=\"font-size:5px;\">&nbsp;<\/div>\n<\/div>\n<\/div><\/div>\n<div id=\"cmsmasters_column_d9wspf3nku\" class=\"cmsmasters_column one_third\">\n<div class=\"cmsmasters_column_inner\"><div class=\"custom_html\">\n<div style=\"font-size:5px;\">&nbsp;<\/div>\n<\/div>\n<div class=\"cmsmasters_img  cmsmasters_image_n\"><a href=\"https:\/\/muzeum.haus.pl\/wp-content\/uploads\/2022\/11\/1_DE_scenariusz-warsztatow_granica.pdf\" target=\"_blank\"><img decoding=\"async\" src=\"https:\/\/muzeum.haus.pl\/wp-content\/uploads\/2022\/11\/edukacja_01_de-300x143.jpg\" \/><\/a><\/div><div class=\"custom_html\">\n<div style=\"font-size:5px;\">&nbsp;<\/div>\n<\/div>\n<div id=\"cmsmasters_button_f03kapvaoc\" class=\"button_wrap\"><a href=\"https:\/\/muzeum.haus.pl\/wp-content\/uploads\/2022\/11\/1_DE_scenariusz-warsztatow_granica.pdf\" class=\"cmsmasters_button cmsmasters-icon-file-pdf\" target=\"_blank\"><span>Grenzg\u00e4nger. Erz\u00e4hlte Zeiten, Menschen, Orte.<\/span><\/a><\/div>\n<div class=\"custom_html\">\n<div style=\"font-size:5px;\">&nbsp;<\/div>\n<\/div>\n<\/div><\/div>\n<div id=\"cmsmasters_column_4v4skzo7we\" class=\"cmsmasters_column one_third\">\n<div class=\"cmsmasters_column_inner\"><div class=\"custom_html\">\n<div style=\"font-size:5px;\">&nbsp;<\/div>\n<\/div>\n<div class=\"cmsmasters_img  cmsmasters_image_n\"><a href=\"https:\/\/muzeum.haus.pl\/wp-content\/uploads\/2022\/11\/2_DE_scenariusz_warsztatow_granica_iwanicki.pdf\" target=\"_blank\"><img decoding=\"async\" src=\"https:\/\/muzeum.haus.pl\/wp-content\/uploads\/2022\/11\/edukacja_02_scenariusz-warsztatow_granica_Iwanicki_box-300x143.jpg\" \/><\/a><\/div><div class=\"custom_html\">\n<div style=\"font-size:5px;\">&nbsp;<\/div>\n<\/div>\n<div id=\"cmsmasters_button_z92yzlt83h\" class=\"button_wrap\"><a href=\"https:\/\/muzeum.haus.pl\/wp-content\/uploads\/2022\/11\/2_DE_scenariusz_warsztatow_granica_iwanicki.pdf\" class=\"cmsmasters_button cmsmasters-icon-file-pdf\" target=\"_blank\"><span>Jenseits der Grenze &#8211; zu Hause?<\/span><\/a><\/div>\n<div class=\"custom_html\">\n<div style=\"font-size:5px;\">&nbsp;<\/div>\n<\/div>\n<\/div><\/div>\n<\/div>\n<\/div>\n<\/div>\n<\/div>\n<\/div>\n<div id=\"cmsmasters_row_o4kow40aa\" class=\"cmsmasters_row cmsmasters_color_scheme_default cmsmasters_row_top_default cmsmasters_row_bot_default cmsmasters_row_boxed\">\n<div class=\"cmsmasters_row_outer_parent\">\n<div class=\"cmsmasters_row_outer\">\n<div class=\"cmsmasters_row_inner\">\n<div class=\"cmsmasters_row_margin\">\n<div id=\"cmsmasters_column_u565ydsjq\" class=\"cmsmasters_column one_third\">\n<div class=\"cmsmasters_column_inner\"><div class=\"custom_html\">\n<div style=\"font-size:5px;\">&nbsp;<\/div>\n<\/div>\n<div class=\"cmsmasters_img  cmsmasters_image_n\"><a href=\"https:\/\/muzeum.haus.pl\/wp-content\/uploads\/2022\/11\/3_DE_scenariusz_warsztatow_dziadek.pdf\" target=\"_blank\"><img decoding=\"async\" src=\"https:\/\/muzeum.haus.pl\/wp-content\/uploads\/2022\/11\/edukacja_03_dziadek-z-wehrmachtu_les_box-300x143.jpg\" \/><\/a><\/div><div class=\"custom_html\">\n<div style=\"font-size:5px;\">&nbsp;<\/div>\n<\/div>\n<div id=\"cmsmasters_button_upwguq4jn\" class=\"button_wrap\"><a href=\"https:\/\/muzeum.haus.pl\/wp-content\/uploads\/2022\/11\/3_DE_scenariusz_warsztatow_dziadek.pdf\" class=\"cmsmasters_button cmsmasters-icon-file-pdf\" target=\"_blank\"><span>Der Gro\u00dfvater aus der Wehramcht. Erfahrungen, im Ged\u00e4chtnis festgeschrieben.<\/span><\/a><\/div>\n<div class=\"custom_html\">\n<div style=\"font-size:5px;\">&nbsp;<\/div>\n<\/div>\n<\/div><\/div>\n<div id=\"cmsmasters_column_jqy1pj2ywo\" class=\"cmsmasters_column one_third\">\n<div class=\"cmsmasters_column_inner\"><div class=\"custom_html\">\n<div style=\"font-size:5px;\">&nbsp;<\/div>\n<\/div>\n<div class=\"cmsmasters_img  cmsmasters_image_n\"><a href=\"https:\/\/muzeum.haus.pl\/wp-content\/uploads\/2022\/11\/4_DE_13_10_szlak_granicy.pdf\" target=\"_blank\"><img decoding=\"async\" src=\"https:\/\/muzeum.haus.pl\/wp-content\/uploads\/2022\/11\/edukacja_05_sladem_dawnej_granicy_box-300x143.jpg\" \/><\/a><\/div><div class=\"custom_html\">\n<div style=\"font-size:5px;\">&nbsp;<\/div>\n<\/div>\n<div id=\"cmsmasters_button_70kfh56w0l\" class=\"button_wrap\"><a href=\"https:\/\/muzeum.haus.pl\/wp-content\/uploads\/2022\/11\/4_DE_13_10_szlak_granicy.pdf\" class=\"cmsmasters_button cmsmasters-icon-file-pdf\" target=\"_blank\"><span>Auf den Spuren der alten Grenze.<\/span><\/a><\/div>\n<div class=\"custom_html\">\n<div style=\"font-size:5px;\">&nbsp;<\/div>\n<\/div>\n<\/div><\/div>\n<div id=\"cmsmasters_column_k5746sq29\" class=\"cmsmasters_column one_third\">\n<div class=\"cmsmasters_column_inner\"><div class=\"custom_html\">\n<div style=\"font-size:5px;\">&nbsp;<\/div>\n<\/div>\n<div class=\"cmsmasters_img  cmsmasters_image_n\"><img decoding=\"async\" src=\"https:\/\/muzeum.haus.pl\/wp-content\/uploads\/2022\/11\/edukacja_04_dziadek-z-wehmachtu_ploch_vollbrecht_box-300x143.jpg\" \/><\/div><div class=\"custom_html\">\n<div style=\"font-size:5px;\">&nbsp;<\/div>\n<\/div>\n<div id=\"cmsmasters_button_kywr6cr6mn\" class=\"button_wrap\"><a href=\"https:\/\/muzeum.haus.pl\/wp-content\/uploads\/2022\/11\/1_DE_Unterrichtsszenario_Opa-aus-der-Wehrmacht.pdf\" class=\"cmsmasters_button cmsmasters-icon-file-pdf\" target=\"_blank\"><span>&#8222;Opa aus der Wehrmacht &#8211; und wie erging es der Oma? <\/span><\/a><\/div>\n<div class=\"custom_html\">\n<div style=\"font-size:5px;\">&nbsp;<\/div>\n<\/div>\n<\/div><\/div>\n<\/div>\n<\/div>\n<\/div>\n<\/div>\n<\/div>\n<div id=\"cmsmasters_row_hlyyrd1ngp\" class=\"cmsmasters_row cmsmasters_color_scheme_default cmsmasters_row_top_default cmsmasters_row_bot_default cmsmasters_row_boxed\">\n<div class=\"cmsmasters_row_outer_parent\">\n<div class=\"cmsmasters_row_outer\">\n<div class=\"cmsmasters_row_inner\">\n<div class=\"cmsmasters_row_margin\">\n<div id=\"cmsmasters_column_761ao72ec\" class=\"cmsmasters_column one_third\">\n<div class=\"cmsmasters_column_inner\"><div class=\"custom_html\">\n<div style=\"font-size:5px;\">&nbsp;<\/div>\n<\/div>\n<div class=\"cmsmasters_img  cmsmasters_image_n\"><a href=\"https:\/\/muzeum.haus.pl\/de\/bildung\/schlummernde-erinnerung-von-baildon-zu-troplowitz\/\"><img decoding=\"async\" src=\"https:\/\/muzeum.haus.pl\/wp-content\/uploads\/2024\/10\/uspiona_pamiec_main-300x137.jpg\" \/><\/a><\/div><div class=\"custom_html\">\n<div style=\"font-size:5px;\">&nbsp;<\/div>\n<\/div>\n<div id=\"cmsmasters_button_tdeskn7r5u\" class=\"button_wrap\"><a href=\"https:\/\/muzeum.haus.pl\/de\/bildung\/schlummernde-erinnerung-von-baildon-zu-troplowitz\/\" class=\"cmsmasters_button cmsmasters-icon-custom-blog\"><span>Schlummernde Erinnerung \u2013 von Baildon zu Troplowitz<\/span><\/a><\/div>\n<div class=\"custom_html\">\n<div style=\"font-size:5px;\">&nbsp;<\/div>\n<\/div>\n<\/div><\/div>\n<div id=\"cmsmasters_column_xnyaj9fb8r\" class=\"cmsmasters_column one_third\">\n<div class=\"cmsmasters_column_inner\"><\/div><\/div>\n<div id=\"cmsmasters_column_j3wqi76kyn\" class=\"cmsmasters_column one_third\">\n<div class=\"cmsmasters_column_inner\"><\/div><\/div>\n<\/div>\n<\/div>\n<\/div>\n<\/div>\n<\/div>\n\n","protected":false},"excerpt":{"rendered":"","protected":false},"author":1,"featured_media":15788,"parent":0,"menu_order":0,"comment_status":"closed","ping_status":"closed","template":"","meta":{"_acf_changed":false,"footnotes":""},"class_list":["post-16229","page","type-page","status-publish","has-post-thumbnail","hentry"],"acf":[],"yoast_head":"<!-- This site is optimized with the Yoast SEO plugin v27.3 - https:\/\/yoast.com\/product\/yoast-seo-wordpress\/ -->\n<title>Bildung - Muzeum online Domu Wsp\u00f3\u0142pracy Polsko-Niemieckiej<\/title>\n<meta name=\"robots\" content=\"index, follow, max-snippet:-1, max-image-preview:large, max-video-preview:-1\" \/>\n<link rel=\"canonical\" href=\"https:\/\/muzeum.haus.pl\/de\/bildung\/\" \/>\n<meta property=\"og:locale\" content=\"de_DE\" \/>\n<meta property=\"og:type\" content=\"article\" \/>\n<meta property=\"og:title\" content=\"Bildung - Muzeum online Domu Wsp\u00f3\u0142pracy Polsko-Niemieckiej\" \/>\n<meta property=\"og:url\" content=\"https:\/\/muzeum.haus.pl\/de\/bildung\/\" \/>\n<meta property=\"og:site_name\" content=\"Muzeum online Domu Wsp\u00f3\u0142pracy Polsko-Niemieckiej\" \/>\n<meta property=\"article:modified_time\" content=\"2024-10-29T11:53:41+00:00\" \/>\n<meta property=\"og:image\" content=\"https:\/\/muzeum.haus.pl\/wp-content\/uploads\/2021\/11\/edukacja_top_01.jpg\" \/>\n\t<meta property=\"og:image:width\" content=\"2500\" \/>\n\t<meta property=\"og:image:height\" content=\"932\" \/>\n\t<meta property=\"og:image:type\" content=\"image\/jpeg\" \/>\n<meta name=\"twitter:card\" content=\"summary_large_image\" \/>\n<meta name=\"twitter:label1\" content=\"Gesch\u00e4tzte Lesezeit\" \/>\n\t<meta name=\"twitter:data1\" content=\"2\u00a0Minuten\" \/>\n<script type=\"application\/ld+json\" class=\"yoast-schema-graph\">{\"@context\":\"https:\\\/\\\/schema.org\",\"@graph\":[{\"@type\":\"WebPage\",\"@id\":\"https:\\\/\\\/muzeum.haus.pl\\\/de\\\/bildung\\\/\",\"url\":\"https:\\\/\\\/muzeum.haus.pl\\\/de\\\/bildung\\\/\",\"name\":\"Bildung - Muzeum online Domu Wsp\u00f3\u0142pracy Polsko-Niemieckiej\",\"isPartOf\":{\"@id\":\"https:\\\/\\\/muzeum.haus.pl\\\/de\\\/#website\"},\"primaryImageOfPage\":{\"@id\":\"https:\\\/\\\/muzeum.haus.pl\\\/de\\\/bildung\\\/#primaryimage\"},\"image\":{\"@id\":\"https:\\\/\\\/muzeum.haus.pl\\\/de\\\/bildung\\\/#primaryimage\"},\"thumbnailUrl\":\"https:\\\/\\\/muzeum.haus.pl\\\/wp-content\\\/uploads\\\/2021\\\/11\\\/edukacja_top_01.jpg\",\"datePublished\":\"2021-12-14T16:41:34+00:00\",\"dateModified\":\"2024-10-29T11:53:41+00:00\",\"breadcrumb\":{\"@id\":\"https:\\\/\\\/muzeum.haus.pl\\\/de\\\/bildung\\\/#breadcrumb\"},\"inLanguage\":\"de\",\"potentialAction\":[{\"@type\":\"ReadAction\",\"target\":[\"https:\\\/\\\/muzeum.haus.pl\\\/de\\\/bildung\\\/\"]}]},{\"@type\":\"ImageObject\",\"inLanguage\":\"de\",\"@id\":\"https:\\\/\\\/muzeum.haus.pl\\\/de\\\/bildung\\\/#primaryimage\",\"url\":\"https:\\\/\\\/muzeum.haus.pl\\\/wp-content\\\/uploads\\\/2021\\\/11\\\/edukacja_top_01.jpg\",\"contentUrl\":\"https:\\\/\\\/muzeum.haus.pl\\\/wp-content\\\/uploads\\\/2021\\\/11\\\/edukacja_top_01.jpg\",\"width\":2500,\"height\":932,\"caption\":\"Bildung\"},{\"@type\":\"BreadcrumbList\",\"@id\":\"https:\\\/\\\/muzeum.haus.pl\\\/de\\\/bildung\\\/#breadcrumb\",\"itemListElement\":[{\"@type\":\"ListItem\",\"position\":1,\"name\":\"Home\",\"item\":\"https:\\\/\\\/muzeum.haus.pl\\\/de\\\/\"},{\"@type\":\"ListItem\",\"position\":2,\"name\":\"Bildung\"}]},{\"@type\":\"WebSite\",\"@id\":\"https:\\\/\\\/muzeum.haus.pl\\\/de\\\/#website\",\"url\":\"https:\\\/\\\/muzeum.haus.pl\\\/de\\\/\",\"name\":\"Muzeum online Domu Wsp\u00f3\u0142pracy Polsko-Niemieckiej\",\"description\":\"DWPN\",\"potentialAction\":[{\"@type\":\"SearchAction\",\"target\":{\"@type\":\"EntryPoint\",\"urlTemplate\":\"https:\\\/\\\/muzeum.haus.pl\\\/de\\\/?s={search_term_string}\"},\"query-input\":{\"@type\":\"PropertyValueSpecification\",\"valueRequired\":true,\"valueName\":\"search_term_string\"}}],\"inLanguage\":\"de\"}]}<\/script>\n<!-- \/ Yoast SEO plugin. -->","yoast_head_json":{"title":"Bildung - Muzeum online Domu Wsp\u00f3\u0142pracy Polsko-Niemieckiej","robots":{"index":"index","follow":"follow","max-snippet":"max-snippet:-1","max-image-preview":"max-image-preview:large","max-video-preview":"max-video-preview:-1"},"canonical":"https:\/\/muzeum.haus.pl\/de\/bildung\/","og_locale":"de_DE","og_type":"article","og_title":"Bildung - Muzeum online Domu Wsp\u00f3\u0142pracy Polsko-Niemieckiej","og_url":"https:\/\/muzeum.haus.pl\/de\/bildung\/","og_site_name":"Muzeum online Domu Wsp\u00f3\u0142pracy Polsko-Niemieckiej","article_modified_time":"2024-10-29T11:53:41+00:00","og_image":[{"width":2500,"height":932,"url":"https:\/\/muzeum.haus.pl\/wp-content\/uploads\/2021\/11\/edukacja_top_01.jpg","type":"image\/jpeg"}],"twitter_card":"summary_large_image","twitter_misc":{"Gesch\u00e4tzte Lesezeit":"2\u00a0Minuten"},"schema":{"@context":"https:\/\/schema.org","@graph":[{"@type":"WebPage","@id":"https:\/\/muzeum.haus.pl\/de\/bildung\/","url":"https:\/\/muzeum.haus.pl\/de\/bildung\/","name":"Bildung - Muzeum online Domu Wsp\u00f3\u0142pracy Polsko-Niemieckiej","isPartOf":{"@id":"https:\/\/muzeum.haus.pl\/de\/#website"},"primaryImageOfPage":{"@id":"https:\/\/muzeum.haus.pl\/de\/bildung\/#primaryimage"},"image":{"@id":"https:\/\/muzeum.haus.pl\/de\/bildung\/#primaryimage"},"thumbnailUrl":"https:\/\/muzeum.haus.pl\/wp-content\/uploads\/2021\/11\/edukacja_top_01.jpg","datePublished":"2021-12-14T16:41:34+00:00","dateModified":"2024-10-29T11:53:41+00:00","breadcrumb":{"@id":"https:\/\/muzeum.haus.pl\/de\/bildung\/#breadcrumb"},"inLanguage":"de","potentialAction":[{"@type":"ReadAction","target":["https:\/\/muzeum.haus.pl\/de\/bildung\/"]}]},{"@type":"ImageObject","inLanguage":"de","@id":"https:\/\/muzeum.haus.pl\/de\/bildung\/#primaryimage","url":"https:\/\/muzeum.haus.pl\/wp-content\/uploads\/2021\/11\/edukacja_top_01.jpg","contentUrl":"https:\/\/muzeum.haus.pl\/wp-content\/uploads\/2021\/11\/edukacja_top_01.jpg","width":2500,"height":932,"caption":"Bildung"},{"@type":"BreadcrumbList","@id":"https:\/\/muzeum.haus.pl\/de\/bildung\/#breadcrumb","itemListElement":[{"@type":"ListItem","position":1,"name":"Home","item":"https:\/\/muzeum.haus.pl\/de\/"},{"@type":"ListItem","position":2,"name":"Bildung"}]},{"@type":"WebSite","@id":"https:\/\/muzeum.haus.pl\/de\/#website","url":"https:\/\/muzeum.haus.pl\/de\/","name":"Muzeum online Domu Wsp\u00f3\u0142pracy Polsko-Niemieckiej","description":"DWPN","potentialAction":[{"@type":"SearchAction","target":{"@type":"EntryPoint","urlTemplate":"https:\/\/muzeum.haus.pl\/de\/?s={search_term_string}"},"query-input":{"@type":"PropertyValueSpecification","valueRequired":true,"valueName":"search_term_string"}}],"inLanguage":"de"}]}},"_links":{"self":[{"href":"https:\/\/muzeum.haus.pl\/de\/wp-json\/wp\/v2\/pages\/16229","targetHints":{"allow":["GET"]}}],"collection":[{"href":"https:\/\/muzeum.haus.pl\/de\/wp-json\/wp\/v2\/pages"}],"about":[{"href":"https:\/\/muzeum.haus.pl\/de\/wp-json\/wp\/v2\/types\/page"}],"author":[{"embeddable":true,"href":"https:\/\/muzeum.haus.pl\/de\/wp-json\/wp\/v2\/users\/1"}],"replies":[{"embeddable":true,"href":"https:\/\/muzeum.haus.pl\/de\/wp-json\/wp\/v2\/comments?post=16229"}],"version-history":[{"count":13,"href":"https:\/\/muzeum.haus.pl\/de\/wp-json\/wp\/v2\/pages\/16229\/revisions"}],"predecessor-version":[{"id":18271,"href":"https:\/\/muzeum.haus.pl\/de\/wp-json\/wp\/v2\/pages\/16229\/revisions\/18271"}],"wp:featuredmedia":[{"embeddable":true,"href":"https:\/\/muzeum.haus.pl\/de\/wp-json\/wp\/v2\/media\/15788"}],"wp:attachment":[{"href":"https:\/\/muzeum.haus.pl\/de\/wp-json\/wp\/v2\/media?parent=16229"}],"curies":[{"name":"wp","href":"https:\/\/api.w.org\/{rel}","templated":true}]}}